{"id":10504,"date":"2023-06-21T11:36:02","date_gmt":"2023-06-21T11:36:02","guid":{"rendered":"https:\/\/keynes-controls.co.uk\/?page_id=10504"},"modified":"2023-09-16T20:58:15","modified_gmt":"2023-09-16T20:58:15","slug":"vibwire-201-handheld","status":"publish","type":"page","link":"https:\/\/ezilog.net\/?page_id=10504","title":{"rendered":"VibWire-201 Handheld"},"content":{"rendered":"<div class=\"boldgrid-section\">\n<div class=\"container\">\n<div class=\"row\">\n<div class=\"col-lg-12 col-md-12 col-xs-12 col-sm-12\">\n<div class=\"boldgrid-section\">\n<div class=\"container\">\n<p class=\"mod-reset\"><span style=\"color: #ffff00; font-family: Cairo; font-size: 24px; font-weight: 600;\">VibWire-201 Handheld Vibrating Wire Sensor Analyser<\/span><\/p>\n<\/div>\n<\/div>\n<div class=\"boldgrid-section\">\n<div class=\"container\">\n<div class=\"row\" style=\"padding-top: 10px; padding-bottom: 50px;\">\n<div class=\"col-lg-12 col-md-12 col-sm-12 col-xs-12\">\n<div>\n<h4 class=\"\">The following downloads are for the Keynes Controls handheld instruments<\/h4>\n<p>&nbsp;<\/p>\n<h4 class=\"\"><span style=\"color: #ffffff;\">SDI12 &amp; RS485 Ports&nbsp; \/ SD Card Data Storage \/ Spectral Analyser&nbsp;<\/span><\/h4>\n<\/div>\n<\/div>\n<div class=\"col-lg-12 col-md-12 col-sm-12 col-xs-12\">\n<div class=\"bg-box bg-box-rounded bg-box-cover color1-background-color color1-text-default\">\n<div id=\"attachment_7290\" style=\"width: 140px\" class=\"wp-caption alignnone\"><img loading=\"lazy\" decoding=\"async\" aria-describedby=\"caption-attachment-7290\" class=\"wp-image-7290 \" src=\"https:\/\/ezilog.net\/wp-content\/uploads\/2023\/09\/VW201-boldgrid-highres-v1-159x300.jpg\" alt=\"VibWire-201 Vibrating Wire Sensor Analyser\" width=\"130\" height=\"245\"><p id=\"caption-attachment-7290\" class=\"wp-caption-text\">Vibrating Wire Sensor Analyser<\/p><\/div>\n<h3 class=\"\"><strong><span style=\"color: #ff6600;\">User Manual&nbsp; and Datasheets<\/span><\/strong><\/h3>\n<table class=\"bg-table table\" style=\"width: 100%; height: 787px;\" data-num-cols=\"4\" data-num-rows=\"15\" data-table-header-bg-color=\"2\" data-table-header-bg-type=\"class\" data-table-striped-bg-color=\"#1e73be\" data-table-striped-bg-type=\"color\" data-row-borders-style=\"none\">\n<thead>\n<tr class=\"color-2-text-contrast color2-background-color\" style=\"height: 36px;\">\n<th class=\"\" style=\"width: 25%; height: 36px;\" data-label=\"Country\">Country<\/th>\n<th class=\"\" style=\"width: 25%; height: 36px;\" data-label=\" \">Additional Information<\/th>\n<th class=\"\" style=\"width: 30%; height: 36px;\" data-label=\"Technical Datasheet\">Datasheet<\/th>\n<th class=\"\" style=\"width: 20%; height: 36px;\" data-label=\"User Manual\">User Manual<\/th>\n<\/tr>\n<\/thead>\n<tbody>\n<tr style=\"height: 83px;\" data-row=\"1\">\n<td class=\"\" style=\"width: 25%; border-top-style: none; border-bottom-style: none; height: 83px;\" data-label=\"Country\"><img loading=\"lazy\" decoding=\"async\" class=\"alignnone wp-image-9593 size-full\" src=\"https:\/\/ezilog.net\/wp-content\/uploads\/2023\/09\/GB-2.png\" alt=\"Flags\" width=\"50\" height=\"32\"><\/td>\n<td class=\"\" style=\"width: 25%; border-top-style: none; border-bottom-style: none; height: 83px;\" data-label=\" \">Sensor Configuration Demo&nbsp;<\/p>\n<p><a href=\"https:\/\/ezilog.net\/wp-content\/uploads\/2023\/06\/VibWire-201-Config-demo.pdf\">VibWire-201 Config demo<\/a><\/td>\n<td class=\"\" style=\"width: 30%; border-top-style: none; border-bottom-style: none; height: 83px;\" data-label=\"Technical Datasheet\"><a href=\"https:\/\/ezilog.net\/wp-content\/uploads\/2023\/06\/VW201-pro-datasheet-v6.pdf\">VW201-pro-datasheet-v6<\/a><\/td>\n<td class=\"\" style=\"width: 20%; border-top-style: none; border-bottom-style: none; height: 83px;\" data-label=\"User Manual\"><a href=\"https:\/\/ezilog.net\/wp-content\/uploads\/2023\/06\/VW201-manual-v7.pdf\">VW201-manual v7<\/a><\/td>\n<\/tr>\n<tr style=\"height: 55px;\" data-row=\"2\">\n<td class=\"\" style=\"width: 25%; border-top-style: none; border-bottom-style: none; height: 55px;\" data-label=\"Country\"><img loading=\"lazy\" decoding=\"async\" class=\"alignnone size-full wp-image-9614\" src=\"https:\/\/ezilog.net\/wp-content\/uploads\/2023\/09\/spanish-flag-v2.png\" alt=\"Spanish Flag\" width=\"50\" height=\"32\"><\/td>\n<td class=\"\" style=\"width: 25%; border-top-style: none; border-bottom-style: none; height: 55px;\" data-label=\" \">&nbsp;<\/td>\n<td class=\"\" style=\"width: 30%; border-top-style: none; border-bottom-style: none; height: 55px;\" data-label=\"Technical Datasheet\">&nbsp;<\/td>\n<td class=\"\" style=\"width: 20%; border-top-style: none; border-bottom-style: none; height: 55px;\" data-label=\"User Manual\">&nbsp;<\/td>\n<\/tr>\n<tr style=\"height: 55px;\" data-row=\"3\">\n<td class=\"\" style=\"width: 25%; border-top-style: none; border-bottom-style: none; height: 55px;\" data-label=\"Country\"><img loading=\"lazy\" decoding=\"async\" class=\"alignnone size-full wp-image-9619\" src=\"https:\/\/ezilog.net\/wp-content\/uploads\/2023\/09\/Finland-Flag-v2.png\" alt=\"\" width=\"50\" height=\"31\"><\/td>\n<td class=\"\" style=\"width: 25%; border-top-style: none; border-bottom-style: none; height: 55px;\" data-label=\" \">&nbsp;<\/td>\n<td class=\"\" style=\"width: 30%; border-top-style: none; border-bottom-style: none; height: 55px;\" data-label=\"Technical Datasheet\">&nbsp;<\/td>\n<td class=\"\" style=\"width: 20%; border-top-style: none; border-bottom-style: none; height: 55px;\" data-label=\"User Manual\">&nbsp;<\/td>\n<\/tr>\n<tr style=\"height: 49px;\" data-row=\"4\">\n<td class=\"\" style=\"width: 25%; border-top-style: none; border-bottom-style: none; height: 49px;\" data-label=\"Country\"><img loading=\"lazy\" decoding=\"async\" class=\"alignnone size-full wp-image-9621\" src=\"https:\/\/ezilog.net\/wp-content\/uploads\/2023\/09\/Indonesia-Flag-v2.png\" alt=\"\" width=\"50\" height=\"33\">&nbsp;<\/td>\n<td class=\"\" style=\"width: 25%; border-top-style: none; border-bottom-style: none; height: 49px;\" data-label=\" \">&nbsp;<\/td>\n<td class=\"\" style=\"width: 30%; border-top-style: none; border-bottom-style: none; height: 49px;\" data-label=\"Technical Datasheet\">&nbsp;<\/td>\n<td class=\"\" style=\"width: 20%; border-top-style: none; border-bottom-style: none; height: 49px;\" data-label=\"User Manual\">&nbsp;<\/td>\n<\/tr>\n<tr style=\"height: 53px;\">\n<td class=\"\" style=\"width: 25%; border-top-style: none; border-bottom-style: none; height: 53px;\" data-label=\"Country\"><img loading=\"lazy\" decoding=\"async\" class=\"alignnone size-full wp-image-9630\" src=\"https:\/\/ezilog.net\/wp-content\/uploads\/2023\/09\/Norwegian-flag-v2.png\" alt=\"\" width=\"50\" height=\"37\"><\/td>\n<td class=\"\" style=\"width: 25%; border-top-style: none; border-bottom-style: none; height: 53px;\" data-label=\" \">&nbsp;<\/td>\n<td class=\"\" style=\"width: 30%; border-top-style: none; border-bottom-style: none; height: 53px;\" data-label=\"Technical Datasheet\">&nbsp;<\/td>\n<td class=\"\" style=\"width: 20%; border-top-style: none; border-bottom-style: none; height: 53px;\" data-label=\"User Manual\">&nbsp;<\/td>\n<\/tr>\n<tr style=\"height: 45px;\">\n<td class=\"\" style=\"width: 25%; border-top-style: none; border-bottom-style: none; height: 45px;\" data-label=\"Country\"><img loading=\"lazy\" decoding=\"async\" class=\"alignnone size-full wp-image-9632\" src=\"https:\/\/ezilog.net\/wp-content\/uploads\/2023\/09\/Portugal-Flag-v2.png\" alt=\"Portuguese Version Documents\" width=\"50\" height=\"29\"><\/td>\n<td class=\"\" style=\"width: 25%; border-top-style: none; border-bottom-style: none; height: 45px;\" data-label=\" \"><a href=\"https:\/\/ezilog.net\/wp-content\/uploads\/2023\/06\/Portugues-VibWire-201-Manual-v1.pdf\">Portugu\u00eas VibWire-201 Manual-v1<\/a><\/td>\n<td class=\"\" style=\"width: 30%; border-top-style: none; border-bottom-style: none; height: 45px;\" data-label=\"Technical Datasheet\">&nbsp;<\/td>\n<td class=\"\" style=\"width: 20%; border-top-style: none; border-bottom-style: none; height: 45px;\" data-label=\"User Manual\">&nbsp;<\/td>\n<\/tr>\n<tr style=\"height: 55px;\">\n<td class=\"\" style=\"width: 25%; border-top-style: none; border-bottom-style: none; height: 55px;\" data-label=\"Country\"><img loading=\"lazy\" decoding=\"async\" class=\"alignnone size-full wp-image-9644\" src=\"https:\/\/ezilog.net\/wp-content\/uploads\/2023\/09\/Dutch-flag-v2-1.png\" alt=\"Netherlands Flag\" width=\"50\" height=\"30\"><\/td>\n<td class=\"\" style=\"width: 25%; border-top-style: none; border-bottom-style: none; height: 55px;\" data-label=\" \">&nbsp;<\/td>\n<td class=\"\" style=\"width: 30%; border-top-style: none; border-bottom-style: none; height: 55px;\" data-label=\"Technical Datasheet\">&nbsp;<\/td>\n<td class=\"\" style=\"width: 20%; border-top-style: none; border-bottom-style: none; height: 55px;\" data-label=\"User Manual\">&nbsp;<\/td>\n<\/tr>\n<tr style=\"height: 50px;\">\n<td class=\"\" style=\"width: 25%; border-top-style: none; border-bottom-style: none; height: 50px;\"><img loading=\"lazy\" decoding=\"async\" class=\"alignnone size-full wp-image-9647\" src=\"https:\/\/ezilog.net\/wp-content\/uploads\/2023\/09\/french-flag-v2.png\" alt=\"French Language Documentation\" width=\"50\" height=\"34\"><\/td>\n<td class=\"\" style=\"width: 25%; border-top-style: none; border-bottom-style: none; height: 50px;\">&nbsp;<\/td>\n<td class=\"\" style=\"width: 30%; border-top-style: none; border-bottom-style: none; height: 50px;\">&nbsp;<\/td>\n<td class=\"\" style=\"width: 20%; border-top-style: none; border-bottom-style: none; height: 50px;\">&nbsp;<\/td>\n<\/tr>\n<tr style=\"height: 49px;\">\n<td class=\"\" style=\"width: 25%; border-top-style: none; border-bottom-style: none; height: 49px;\"><img loading=\"lazy\" decoding=\"async\" class=\"alignnone size-full wp-image-9654\" src=\"https:\/\/ezilog.net\/wp-content\/uploads\/2023\/09\/Greek-flag-2.png\" alt=\"Greek Language Documentation\" width=\"50\" height=\"33\"><\/td>\n<td class=\"\" style=\"width: 25%; border-top-style: none; border-bottom-style: none; height: 49px;\">&nbsp;<\/td>\n<td class=\"\" style=\"width: 30%; border-top-style: none; border-bottom-style: none; height: 49px;\">&nbsp;<\/td>\n<td class=\"\" style=\"width: 20%; border-top-style: none; border-bottom-style: none; height: 49px;\">&nbsp;<\/td>\n<\/tr>\n<tr style=\"height: 48px;\">\n<td class=\"\" style=\"width: 25%; border-top-style: none; border-bottom-style: none; height: 48px;\"><img loading=\"lazy\" decoding=\"async\" class=\"alignnone size-full wp-image-9645\" src=\"https:\/\/ezilog.net\/wp-content\/uploads\/2023\/09\/Sweden-flag2-v2.png\" alt=\"\" width=\"50\" height=\"32\"><\/td>\n<td class=\"\" style=\"width: 25%; border-top-style: none; border-bottom-style: none; height: 48px;\">&nbsp;<\/td>\n<td class=\"\" style=\"width: 30%; border-top-style: none; border-bottom-style: none; height: 48px;\">&nbsp;<\/td>\n<td class=\"\" style=\"width: 20%; border-top-style: none; border-bottom-style: none; height: 48px;\">&nbsp;<\/td>\n<\/tr>\n<tr style=\"height: 49px;\">\n<td class=\"\" style=\"width: 25%; border-top-style: none; border-bottom-style: none; height: 49px;\"><img loading=\"lazy\" decoding=\"async\" class=\"alignnone size-full wp-image-9690\" src=\"https:\/\/ezilog.net\/wp-content\/uploads\/2023\/09\/Czech-flag-v2.png\" alt=\"Czech Flag\" width=\"50\" height=\"33\"><\/td>\n<td class=\"\" style=\"width: 25%; border-top-style: none; border-bottom-style: none; height: 49px;\">&nbsp;<\/td>\n<td class=\"\" style=\"width: 30%; border-top-style: none; border-bottom-style: none; height: 49px;\">&nbsp;<\/td>\n<td class=\"\" style=\"width: 20%; border-top-style: none; border-bottom-style: none; height: 49px;\">&nbsp;<\/td>\n<\/tr>\n<tr style=\"height: 55px;\">\n<td class=\"\" style=\"width: 25%; border-top-style: none; border-bottom-style: none; height: 55px;\"><img loading=\"lazy\" decoding=\"async\" class=\"alignnone size-full wp-image-9653\" src=\"https:\/\/ezilog.net\/wp-content\/uploads\/2023\/09\/German-flag-v2-1.png\" alt=\"German Language Documentation\" width=\"50\" height=\"39\"><\/td>\n<td class=\"\" style=\"width: 25%; border-top-style: none; border-bottom-style: none; height: 55px;\">&nbsp;<\/td>\n<td class=\"\" style=\"width: 30%; border-top-style: none; border-bottom-style: none; height: 55px;\">&nbsp;<\/td>\n<td class=\"\" style=\"width: 20%; border-top-style: none; border-bottom-style: none; height: 55px;\">&nbsp;<\/td>\n<\/tr>\n<tr style=\"height: 50px;\">\n<td class=\"\" style=\"width: 25%; border-top-style: none; border-bottom-style: none; height: 50px;\"><img loading=\"lazy\" decoding=\"async\" class=\"alignnone size-full wp-image-9655\" src=\"https:\/\/ezilog.net\/wp-content\/uploads\/2023\/09\/Flag-italy-v2.png\" alt=\"Italian Language Documentation\" width=\"50\" height=\"34\"><\/td>\n<td class=\"\" style=\"width: 25%; border-top-style: none; border-bottom-style: none; height: 50px;\">&nbsp;<\/td>\n<td class=\"\" style=\"width: 30%; border-top-style: none; border-bottom-style: none; height: 50px;\">&nbsp;<\/td>\n<td class=\"\" style=\"width: 20%; border-top-style: none; border-bottom-style: none; height: 50px;\">&nbsp;<\/td>\n<\/tr>\n<tr style=\"height: 55px;\">\n<td class=\"\" style=\"width: 25%; border-top-style: none; border-bottom-style: none; height: 55px;\"><img loading=\"lazy\" decoding=\"async\" class=\"alignnone size-full wp-image-9656\" src=\"https:\/\/ezilog.net\/wp-content\/uploads\/2023\/09\/Turkey-flag-v2-1.png\" alt=\"Turkish Language Documentation\" width=\"50\" height=\"28\"><\/td>\n<td class=\"\" style=\"width: 25%; border-top-style: none; border-bottom-style: none; height: 55px;\">&nbsp;<\/td>\n<td class=\"\" style=\"width: 30%; border-top-style: none; border-bottom-style: none; height: 55px;\"><a href=\"https:\/\/ezilog.net\/wp-content\/uploads\/2023\/06\/Turkce-Surum-VW201-pro-datasheet-v6.pdf\">T\u00fcrk\u00e7e S\u00fcr\u00fcm VW201-pro-datasheet-v6<\/a><\/td>\n<td class=\"\" style=\"width: 20%; border-top-style: none; border-bottom-style: none; height: 55px;\"><a href=\"https:\/\/ezilog.net\/wp-content\/uploads\/2023\/06\/Turkce-Kopya-Kullanim-Kilavuzu-VW201-manual-v7.pdf\">T\u00fcrk\u00e7e Kopya Kullanim Kilavuzu VW201-manual v7<\/a><\/td>\n<\/tr>\n<\/tbody>\n<\/table>\n<\/div>\n<\/div>\n<\/div>\n<\/div>\n<\/div>\n<\/div>\n<\/div>\n<\/div>\n<\/div>\n","protected":false},"excerpt":{"rendered":"<p>VibWire-201 Handheld Vibrating Wire Sensor Analyser The following downloads are for the Keynes Controls handheld instruments &nbsp; SDI12 &amp; RS485 Ports&nbsp; \/ SD Card Data Storage \/ Spectral Analyser&nbsp; User Manual&nbsp; and Datasheets Country Additional Information Datasheet User Manual Sensor Configuration Demo&nbsp; VibWire-201 Config demo VW201-pro-datasheet-v6 VW201-manual v7 &nbsp; &nbsp; &nbsp; &nbsp; &nbsp; &nbsp; &nbsp;&hellip;<\/p>\n","protected":false},"author":1,"featured_media":0,"parent":0,"menu_order":0,"comment_status":"closed","ping_status":"closed","template":"","meta":{"footnotes":""},"class_list":["post-10504","page","type-page","status-publish","hentry"],"_links":{"self":[{"href":"https:\/\/ezilog.net\/index.php?rest_route=\/wp\/v2\/pages\/10504","targetHints":{"allow":["GET"]}}],"collection":[{"href":"https:\/\/ezilog.net\/index.php?rest_route=\/wp\/v2\/pages"}],"about":[{"href":"https:\/\/ezilog.net\/index.php?rest_route=\/wp\/v2\/types\/page"}],"author":[{"embeddable":true,"href":"https:\/\/ezilog.net\/index.php?rest_route=\/wp\/v2\/users\/1"}],"replies":[{"embeddable":true,"href":"https:\/\/ezilog.net\/index.php?rest_route=%2Fwp%2Fv2%2Fcomments&post=10504"}],"version-history":[{"count":0,"href":"https:\/\/ezilog.net\/index.php?rest_route=\/wp\/v2\/pages\/10504\/revisions"}],"wp:attachment":[{"href":"https:\/\/ezilog.net\/index.php?rest_route=%2Fwp%2Fv2%2Fmedia&parent=10504"}],"curies":[{"name":"wp","href":"https:\/\/api.w.org\/{rel}","templated":true}]}}